{"id":78,"date":"2021-01-21T22:18:58","date_gmt":"2021-01-21T22:18:58","guid":{"rendered":"https:\/\/semillascounselingandwellness.com\/?page_id=78"},"modified":"2026-03-17T19:34:24","modified_gmt":"2026-03-18T02:34:24","slug":"immigration-evaluations","status":"publish","type":"page","link":"https:\/\/semillascounselingandwellness.com\/es\/immigration-evaluations\/","title":{"rendered":"Evaluaciones de inmigraci\u00f3n"},"content":{"rendered":"<h1>Evaluaciones de inmigraci\u00f3n<\/h1>\t\n\t\t\t\t\t<ul id=\"menu-mainmenu\"><li id=\"menu-item-42\"><a href=\"https:\/\/semillascounselingandwellness.com\/es\/\">Hogar<\/a><\/li>\n<li id=\"menu-item-60\"><a href=\"https:\/\/semillascounselingandwellness.com\/es\/services-and-offerings\/\">Servicios<\/a>\n<ul>\n\t<li id=\"menu-item-84\"><a href=\"https:\/\/semillascounselingandwellness.com\/es\/services-and-offerings\/\">Servicios<\/a><\/li>\n\t<li id=\"menu-item-65\"><a href=\"https:\/\/semillascounselingandwellness.com\/es\/individual-counseling\/\">Asesoramiento individual<\/a><\/li>\n\t<li id=\"menu-item-70\"><a href=\"https:\/\/semillascounselingandwellness.com\/es\/couple-counseling\/\">Asesoramiento de pareja<\/a><\/li>\n\t<li id=\"menu-item-83\"><a href=\"https:\/\/semillascounselingandwellness.com\/es\/immigration-evaluations\/\">Evaluaciones de inmigraci\u00f3n<\/a><\/li>\n\t<li id=\"menu-item-77\"><a href=\"https:\/\/semillascounselingandwellness.com\/es\/mental-wellness-workshops\/\">Talleres de bienestar mental<\/a><\/li>\n<\/ul>\n<\/li>\n<li id=\"menu-item-594\"><a href=\"#\">Nuestro equipo y carreras<\/a>\n<ul>\n\t<li id=\"menu-item-595\"><a href=\"\/es\/the-team\/#our-team\">Nuestro equipo<\/a><\/li>\n\t<li id=\"menu-item-596\"><a href=\"\/es\/openings\/\">Carreras<\/a><\/li>\n<\/ul>\n<\/li>\n<li id=\"menu-item-172\"><a href=\"https:\/\/semillascounselingandwellness.com\/es\/faq\/\">Preguntas frecuentes<\/a><\/li>\n<li id=\"menu-item-176\"><a href=\"https:\/\/semillascounselingandwellness.com\/es\/free-consult\/\">Consulta inicial gratuita de 15 minutos<\/a><\/li>\n<\/ul>\t\n\t\t\t\t<img decoding=\"async\" src=\"https:\/\/semillascounselingandwellness.com\/wp-content\/uploads\/2021\/01\/Immigration.png\" alt=\"Immigration\" itemprop=\"image\" height=\"386\" width=\"309\" title=\"Inmigraci\u00f3n\" onerror=\"this.style.display='none'\" loading=\"lazy\" \/>\n\t\t<p>Ofrecemos evaluaciones de salud mental y evaluaciones psicol\u00f3gicas para fines de inmigraci\u00f3n. Soy un psicoterapeuta debidamente capacitado para realizar tipos espec\u00edficos de evaluaciones para peticiones de inmigraci\u00f3n.<\/p>\n<p><strong>\u00a0<\/strong><strong>Las evaluaciones de inmigraci\u00f3n que se ofrecen incluyen:<\/strong><\/p>\n<ul>\n<li>Evaluaciones de VAWA (Peticiones de inmigraci\u00f3n en virtud de la Ley de Violencia contra la Mujer)<\/li>\n<li>Evaluaciones de dificultades (Peticiones de inmigraci\u00f3n por dificultades)<\/li>\n<li>Evaluaciones de visa U<\/li>\n<\/ul>\n\t\t<p><strong><em>C\u00f3mo puedo ayudar<\/em><\/strong><\/p>\n<p>Como trabajador social cl\u00ednico autorizado, puedo diagnosticar, de manera comparable a un psic\u00f3logo, problemas de salud mental como depresi\u00f3n, ansiedad, trastorno de estr\u00e9s postraum\u00e1tico (TEPT) y otros s\u00edntomas traum\u00e1ticos, que pueden usarse como evidencia de apoyo para una petici\u00f3n de inmigraci\u00f3n.<\/p>\n<p>Soy la persona m\u00e1s indicada para detectar traumas, dificultades emocionales y dificultades extremas. Puedo analizar en qu\u00e9 medida una persona podr\u00eda verse afectada por una dificultad y si tiene alguna afecci\u00f3n de salud mental subyacente como resultado de esas dificultades.<\/p>\n<p>Como terapeuta biling\u00fce (espa\u00f1ol\/ingl\u00e9s) de primera generaci\u00f3n, estoy preparada para comprender los matices de la cultura y el papel que desempe\u00f1an en tu historia de inmigrante. Esta comprensi\u00f3n impulsa mi trabajo con clientes diversos, muchos de los cuales nunca han estado en una sala de terapia.<\/p>\n<p>Tengo un amplio conocimiento en pruebas cl\u00ednicas e incorporo <em>Platica<\/em> como una pr\u00e1ctica terap\u00e9utica para facilitar la discusi\u00f3n de su experiencia vivida para articular sus dificultades migratorias.<\/p>\n<p>Los servicios se ofrecen en el consultorio y mediante teleterapia.<\/p>\n<p>\u00a0Fee for Services &#8211; $1600<\/p>\n<p>Incluye:<\/p>\n<ul>\n<li>Hasta cinco (5) sesiones terap\u00e9uticas, y<\/li>\n<li>Dos (2) copias f\u00edsicas de su informe de evaluaci\u00f3n psicol\u00f3gica<\/li>\n<\/ul>","protected":false},"excerpt":{"rendered":"<p>Immigration Evaluations Home Services Services Individual Counseling Couple Counseling Immigration Evaluations Mental Wellness Workshops Our Team &#038; Careers Our Team Careers FAQ Free Initial 15 Minute Consultation We offer mental health evaluations and psychological evaluations for immigration purposes. I am a psychotherapist appropriately trained in completing specific types of evaluations for immigration petitions. \u00a0Immigration evaluations&hellip;<\/p>","protected":false},"author":1,"featured_media":0,"parent":0,"menu_order":0,"comment_status":"closed","ping_status":"closed","template":"tpl-no-header-footer.php","meta":{"footnotes":""},"class_list":["post-78","page","type-page","status-publish","hentry"],"_links":{"self":[{"href":"https:\/\/semillascounselingandwellness.com\/es\/wp-json\/wp\/v2\/pages\/78","targetHints":{"allow":["GET"]}}],"collection":[{"href":"https:\/\/semillascounselingandwellness.com\/es\/wp-json\/wp\/v2\/pages"}],"about":[{"href":"https:\/\/semillascounselingandwellness.com\/es\/wp-json\/wp\/v2\/types\/page"}],"author":[{"embeddable":true,"href":"https:\/\/semillascounselingandwellness.com\/es\/wp-json\/wp\/v2\/users\/1"}],"replies":[{"embeddable":true,"href":"https:\/\/semillascounselingandwellness.com\/es\/wp-json\/wp\/v2\/comments?post=78"}],"version-history":[{"count":16,"href":"https:\/\/semillascounselingandwellness.com\/es\/wp-json\/wp\/v2\/pages\/78\/revisions"}],"predecessor-version":[{"id":2100094,"href":"https:\/\/semillascounselingandwellness.com\/es\/wp-json\/wp\/v2\/pages\/78\/revisions\/2100094"}],"wp:attachment":[{"href":"https:\/\/semillascounselingandwellness.com\/es\/wp-json\/wp\/v2\/media?parent=78"}],"curies":[{"name":"wp","href":"https:\/\/api.w.org\/{rel}","templated":true}]}}