{"id":72,"date":"2021-01-21T22:12:49","date_gmt":"2021-01-21T22:12:49","guid":{"rendered":"https:\/\/semillascounselingandwellness.com\/?page_id=72"},"modified":"2026-03-17T19:35:05","modified_gmt":"2026-03-18T02:35:05","slug":"mental-wellness-workshops","status":"publish","type":"page","link":"https:\/\/semillascounselingandwellness.com\/es\/mental-wellness-workshops\/","title":{"rendered":"Talleres de bienestar mental"},"content":{"rendered":"<h1>Talleres de bienestar mental<\/h1>\t\n\t\t\t\t\t<ul id=\"menu-mainmenu\"><li id=\"menu-item-42\"><a href=\"https:\/\/semillascounselingandwellness.com\/es\/\">Hogar<\/a><\/li>\n<li id=\"menu-item-60\"><a href=\"https:\/\/semillascounselingandwellness.com\/es\/services-and-offerings\/\">Servicios<\/a>\n<ul>\n\t<li id=\"menu-item-84\"><a href=\"https:\/\/semillascounselingandwellness.com\/es\/services-and-offerings\/\">Servicios<\/a><\/li>\n\t<li id=\"menu-item-65\"><a href=\"https:\/\/semillascounselingandwellness.com\/es\/individual-counseling\/\">Asesoramiento individual<\/a><\/li>\n\t<li id=\"menu-item-70\"><a href=\"https:\/\/semillascounselingandwellness.com\/es\/couple-counseling\/\">Asesoramiento de pareja<\/a><\/li>\n\t<li id=\"menu-item-83\"><a href=\"https:\/\/semillascounselingandwellness.com\/es\/immigration-evaluations\/\">Evaluaciones de inmigraci\u00f3n<\/a><\/li>\n\t<li id=\"menu-item-77\"><a href=\"https:\/\/semillascounselingandwellness.com\/es\/mental-wellness-workshops\/\">Talleres de bienestar mental<\/a><\/li>\n<\/ul>\n<\/li>\n<li id=\"menu-item-594\"><a href=\"#\">Nuestro equipo y carreras<\/a>\n<ul>\n\t<li id=\"menu-item-595\"><a href=\"\/es\/the-team\/#our-team\">Nuestro equipo<\/a><\/li>\n\t<li id=\"menu-item-596\"><a href=\"\/es\/openings\/\">Carreras<\/a><\/li>\n<\/ul>\n<\/li>\n<li id=\"menu-item-172\"><a href=\"https:\/\/semillascounselingandwellness.com\/es\/faq\/\">Preguntas frecuentes<\/a><\/li>\n<li id=\"menu-item-176\"><a href=\"https:\/\/semillascounselingandwellness.com\/es\/free-consult\/\">Consulta inicial gratuita de 15 minutos<\/a><\/li>\n<\/ul>\t\n\t\t\t\t<img decoding=\"async\" src=\"https:\/\/semillascounselingandwellness.com\/wp-content\/uploads\/2024\/06\/workshop2.jpeg\" alt=\"workshop2\" itemprop=\"image\" height=\"847\" width=\"849\" title=\"taller2\" onerror=\"this.style.display='none'\" loading=\"lazy\" \/>\n\t\t<p>&nbsp;<\/p>\n<p>Wellness is achieved when all dimensions of a person&#8217;s life are integrated and in balance: physical, emotional, social, intellectual, environmental, and spiritual. Our workshops are created to help cultivate wellness through various holistic and complementary practices.<\/p>\n<p>Al asociarnos con la comunidad, creamos espacios para explorar la intersecci\u00f3n del bienestar, la curaci\u00f3n, la resiliencia y la pr\u00e1ctica cultural.<\/p>\n<p><strong><em>Tarifa por servicio<\/em><\/strong> &#8211; $30-$60. A limited number of openings may be available on a sliding scale fee (reduced rate) based on financial need and availability.<\/p>\n\t\t<p>Los talleres se ofrecen en la oficina, en la comunidad y virtualmente. <a href=\"https:\/\/semillascounselingandwellness.com\/es\/\"><strong><em>Vuelva aqu\u00ed para conocer los pr\u00f3ximos talleres y los detalles de inscripci\u00f3n.<\/em><\/strong><\/a><\/p>","protected":false},"excerpt":{"rendered":"<p>Mental Wellness Workshops Home Services Services Individual Counseling Couple Counseling Immigration Evaluations Mental Wellness Workshops Our Team &#038; Careers Our Team Careers FAQ Free Initial 15 Minute Consultation &nbsp; Wellness is achieved when all dimensions of a person&#8217;s life are integrated and in balance: physical, emotional, social, intellectual, environmental, and spiritual. Our workshops are created&hellip;<\/p>","protected":false},"author":1,"featured_media":0,"parent":0,"menu_order":0,"comment_status":"closed","ping_status":"closed","template":"tpl-no-header-footer.php","meta":{"footnotes":""},"class_list":["post-72","page","type-page","status-publish","hentry"],"_links":{"self":[{"href":"https:\/\/semillascounselingandwellness.com\/es\/wp-json\/wp\/v2\/pages\/72","targetHints":{"allow":["GET"]}}],"collection":[{"href":"https:\/\/semillascounselingandwellness.com\/es\/wp-json\/wp\/v2\/pages"}],"about":[{"href":"https:\/\/semillascounselingandwellness.com\/es\/wp-json\/wp\/v2\/types\/page"}],"author":[{"embeddable":true,"href":"https:\/\/semillascounselingandwellness.com\/es\/wp-json\/wp\/v2\/users\/1"}],"replies":[{"embeddable":true,"href":"https:\/\/semillascounselingandwellness.com\/es\/wp-json\/wp\/v2\/comments?post=72"}],"version-history":[{"count":11,"href":"https:\/\/semillascounselingandwellness.com\/es\/wp-json\/wp\/v2\/pages\/72\/revisions"}],"predecessor-version":[{"id":2100095,"href":"https:\/\/semillascounselingandwellness.com\/es\/wp-json\/wp\/v2\/pages\/72\/revisions\/2100095"}],"wp:attachment":[{"href":"https:\/\/semillascounselingandwellness.com\/es\/wp-json\/wp\/v2\/media?parent=72"}],"curies":[{"name":"wp","href":"https:\/\/api.w.org\/{rel}","templated":true}]}}