{"id":66,"date":"2021-01-21T21:30:32","date_gmt":"2021-01-21T21:30:32","guid":{"rendered":"https:\/\/semillascounselingandwellness.com\/?page_id=66"},"modified":"2026-03-17T19:33:19","modified_gmt":"2026-03-18T02:33:19","slug":"couple-counseling","status":"publish","type":"page","link":"https:\/\/semillascounselingandwellness.com\/es\/couple-counseling\/","title":{"rendered":"Asesoramiento de pareja"},"content":{"rendered":"<h1>Asesoramiento de pareja<\/h1>\t\n\t\t\t\t\t<ul id=\"menu-mainmenu\"><li id=\"menu-item-42\"><a href=\"https:\/\/semillascounselingandwellness.com\/es\/\">Hogar<\/a><\/li>\n<li id=\"menu-item-60\"><a href=\"https:\/\/semillascounselingandwellness.com\/es\/services-and-offerings\/\">Servicios<\/a>\n<ul>\n\t<li id=\"menu-item-84\"><a href=\"https:\/\/semillascounselingandwellness.com\/es\/services-and-offerings\/\">Servicios<\/a><\/li>\n\t<li id=\"menu-item-65\"><a href=\"https:\/\/semillascounselingandwellness.com\/es\/individual-counseling\/\">Asesoramiento individual<\/a><\/li>\n\t<li id=\"menu-item-70\"><a href=\"https:\/\/semillascounselingandwellness.com\/es\/couple-counseling\/\">Asesoramiento de pareja<\/a><\/li>\n\t<li id=\"menu-item-83\"><a href=\"https:\/\/semillascounselingandwellness.com\/es\/immigration-evaluations\/\">Evaluaciones de inmigraci\u00f3n<\/a><\/li>\n\t<li id=\"menu-item-77\"><a href=\"https:\/\/semillascounselingandwellness.com\/es\/mental-wellness-workshops\/\">Talleres de bienestar mental<\/a><\/li>\n<\/ul>\n<\/li>\n<li id=\"menu-item-594\"><a href=\"#\">Nuestro equipo y carreras<\/a>\n<ul>\n\t<li id=\"menu-item-595\"><a href=\"\/es\/the-team\/#our-team\">Nuestro equipo<\/a><\/li>\n\t<li id=\"menu-item-596\"><a href=\"\/es\/openings\/\">Carreras<\/a><\/li>\n<\/ul>\n<\/li>\n<li id=\"menu-item-172\"><a href=\"https:\/\/semillascounselingandwellness.com\/es\/faq\/\">Preguntas frecuentes<\/a><\/li>\n<li id=\"menu-item-176\"><a href=\"https:\/\/semillascounselingandwellness.com\/es\/free-consult\/\">Consulta inicial gratuita de 15 minutos<\/a><\/li>\n<\/ul>\t\n\t\t\t\t<img decoding=\"async\" src=\"https:\/\/semillascounselingandwellness.com\/wp-content\/uploads\/2021\/01\/Couple-Couseling.png\" alt=\"Couple Couseling\" itemprop=\"image\" height=\"496\" width=\"393\" title=\"Asesoramiento de pareja\" onerror=\"this.style.display='none'\" loading=\"lazy\" \/>\n\t\t<p>La asesor\u00eda de pareja apoya las relaciones en sus diversas formas: rom\u00e1nticas y no rom\u00e1nticas, prematrimoniales, matrimoniales, desvinculaci\u00f3n y divorcio, crianza de los hijos, crianza compartida, cuidado y transiciones de relaciones.<\/p>\n<p>Juntos, identificamos objetivos compartidos, descubrimos barreras y practicamos la comunicaci\u00f3n y herramientas interpersonales para apoyar al individuo y a la pareja a trav\u00e9s de las muchas fases y transiciones de la relaci\u00f3n.<\/p>\n<p>Los servicios se ofrecen en el consultorio y por teleterapia. Las sesiones se programan semanal o quincenalmente seg\u00fan la necesidad terap\u00e9utica.<\/p>\n<p><strong><em>Tarifa por servicio<\/em><\/strong> El precio de una sesi\u00f3n de 50 minutos es de $185. Actualmente no hay tarifas reducidas disponibles para este servicio.<\/p>\n\t\t<p><strong>Violencia dom\u00e9stica<\/strong><\/p>\n<p>Si est\u00e1 sufriendo violencia dom\u00e9stica, se recomienda asesoramiento individual para usted y su pareja.<\/p>\n<p><strong>L\u00ednea directa nacional contra la violencia dom\u00e9stica<\/strong> 1. 800. 799. 7233<\/p>","protected":false},"excerpt":{"rendered":"<p>Couple Counseling Home Services Services Individual Counseling Couple Counseling Immigration Evaluations Mental Wellness Workshops Our Team &#038; Careers Our Team Careers FAQ Free Initial 15 Minute Consultation Couple counseling supports relationships in their many forms;\u00a0 romantic &amp; non-romantic, pre-marital, marriage, un-coupling and divorce, parenting, co-parenting, caregiving, and relationship transitions. Together, we identify shared goals, uncover&hellip;<\/p>","protected":false},"author":1,"featured_media":0,"parent":0,"menu_order":0,"comment_status":"closed","ping_status":"closed","template":"tpl-no-header-footer.php","meta":{"footnotes":""},"class_list":["post-66","page","type-page","status-publish","hentry"],"_links":{"self":[{"href":"https:\/\/semillascounselingandwellness.com\/es\/wp-json\/wp\/v2\/pages\/66","targetHints":{"allow":["GET"]}}],"collection":[{"href":"https:\/\/semillascounselingandwellness.com\/es\/wp-json\/wp\/v2\/pages"}],"about":[{"href":"https:\/\/semillascounselingandwellness.com\/es\/wp-json\/wp\/v2\/types\/page"}],"author":[{"embeddable":true,"href":"https:\/\/semillascounselingandwellness.com\/es\/wp-json\/wp\/v2\/users\/1"}],"replies":[{"embeddable":true,"href":"https:\/\/semillascounselingandwellness.com\/es\/wp-json\/wp\/v2\/comments?post=66"}],"version-history":[{"count":16,"href":"https:\/\/semillascounselingandwellness.com\/es\/wp-json\/wp\/v2\/pages\/66\/revisions"}],"predecessor-version":[{"id":2100093,"href":"https:\/\/semillascounselingandwellness.com\/es\/wp-json\/wp\/v2\/pages\/66\/revisions\/2100093"}],"wp:attachment":[{"href":"https:\/\/semillascounselingandwellness.com\/es\/wp-json\/wp\/v2\/media?parent=66"}],"curies":[{"name":"wp","href":"https:\/\/api.w.org\/{rel}","templated":true}]}}