{"id":61,"date":"2021-01-21T21:09:33","date_gmt":"2021-01-21T21:09:33","guid":{"rendered":"https:\/\/semillascounselingandwellness.com\/?page_id=61"},"modified":"2026-03-17T19:32:16","modified_gmt":"2026-03-18T02:32:16","slug":"individual-counseling","status":"publish","type":"page","link":"https:\/\/semillascounselingandwellness.com\/es\/individual-counseling\/","title":{"rendered":"Asesoramiento individual"},"content":{"rendered":"<h1>Asesoramiento individual<\/h1>\t\n\t\t\t\t\t<ul id=\"menu-mainmenu\"><li id=\"menu-item-42\"><a href=\"https:\/\/semillascounselingandwellness.com\/es\/\">Hogar<\/a><\/li>\n<li id=\"menu-item-60\"><a href=\"https:\/\/semillascounselingandwellness.com\/es\/services-and-offerings\/\">Servicios<\/a>\n<ul>\n\t<li id=\"menu-item-84\"><a href=\"https:\/\/semillascounselingandwellness.com\/es\/services-and-offerings\/\">Servicios<\/a><\/li>\n\t<li id=\"menu-item-65\"><a href=\"https:\/\/semillascounselingandwellness.com\/es\/individual-counseling\/\">Asesoramiento individual<\/a><\/li>\n\t<li id=\"menu-item-70\"><a href=\"https:\/\/semillascounselingandwellness.com\/es\/couple-counseling\/\">Asesoramiento de pareja<\/a><\/li>\n\t<li id=\"menu-item-83\"><a href=\"https:\/\/semillascounselingandwellness.com\/es\/immigration-evaluations\/\">Evaluaciones de inmigraci\u00f3n<\/a><\/li>\n\t<li id=\"menu-item-77\"><a href=\"https:\/\/semillascounselingandwellness.com\/es\/mental-wellness-workshops\/\">Talleres de bienestar mental<\/a><\/li>\n<\/ul>\n<\/li>\n<li id=\"menu-item-594\"><a href=\"#\">Nuestro equipo y carreras<\/a>\n<ul>\n\t<li id=\"menu-item-595\"><a href=\"\/es\/the-team\/#our-team\">Nuestro equipo<\/a><\/li>\n\t<li id=\"menu-item-596\"><a href=\"\/es\/openings\/\">Carreras<\/a><\/li>\n<\/ul>\n<\/li>\n<li id=\"menu-item-172\"><a href=\"https:\/\/semillascounselingandwellness.com\/es\/faq\/\">Preguntas frecuentes<\/a><\/li>\n<li id=\"menu-item-176\"><a href=\"https:\/\/semillascounselingandwellness.com\/es\/free-consult\/\">Consulta inicial gratuita de 15 minutos<\/a><\/li>\n<\/ul>\t\n\t\t\t\t<img decoding=\"async\" src=\"https:\/\/semillascounselingandwellness.com\/wp-content\/uploads\/2021\/01\/Individual-Counseling.png\" alt=\"Individual Counseling\" itemprop=\"image\" height=\"528\" width=\"371\" title=\"Asesoramiento individual\" onerror=\"this.style.display='none'\" loading=\"lazy\" \/>\n\t\t<p>El asesoramiento personalizado le brinda un espacio para procesar los eventos de la vida actual y pasada y los factores que impactan su bienestar mental.<\/p>\n<p>Usando <em>Platica<\/em> Terapia, este proceso se centra en desaprender, cambiar y recuperar su voz aut\u00e9ntica y su resiliencia; y romper los ciclos que ya no le sirven.<\/p>\n<p>A space to lean into the &#8220;messiness&#8221; of being human and the healing wisdom that you carry within.<\/p>\n<p>Los servicios se ofrecen en el consultorio, en la comunidad y a trav\u00e9s de teleterapia. Las sesiones se programan semanal o quincenalmente seg\u00fan la necesidad terap\u00e9utica.<\/p>\n<p><strong><em>Tarifa por servicio<\/em><\/strong> &#8211; 50 minutes session fee is $160. A limited number of openings may be available on a sliding scale fee (reduced rate) based on financial need.<\/p>\n\t\t\t<a href=\"https:\/\/semillascounselingandwellness.com\/es\/free-consult\/\" target=\"_self\"   role=\"button\">\n\t\t\t\t\t\t\tPrograme una consulta gratuita de 15 minutos\n\t\t<\/a>","protected":false},"excerpt":{"rendered":"<p>Individual Counseling Home Services Services Individual Counseling Couple Counseling Immigration Evaluations Mental Wellness Workshops Our Team &#038; Careers Our Team Careers FAQ Free Initial 15 Minute Consultation One-on-one counseling provides a space for you to process current and past life events and the factors that impact your mental wellness. Using platica therapy, this process focuses&hellip;<\/p>","protected":false},"author":1,"featured_media":0,"parent":0,"menu_order":0,"comment_status":"closed","ping_status":"closed","template":"tpl-no-header-footer.php","meta":{"footnotes":""},"class_list":["post-61","page","type-page","status-publish","hentry"],"_links":{"self":[{"href":"https:\/\/semillascounselingandwellness.com\/es\/wp-json\/wp\/v2\/pages\/61","targetHints":{"allow":["GET"]}}],"collection":[{"href":"https:\/\/semillascounselingandwellness.com\/es\/wp-json\/wp\/v2\/pages"}],"about":[{"href":"https:\/\/semillascounselingandwellness.com\/es\/wp-json\/wp\/v2\/types\/page"}],"author":[{"embeddable":true,"href":"https:\/\/semillascounselingandwellness.com\/es\/wp-json\/wp\/v2\/users\/1"}],"replies":[{"embeddable":true,"href":"https:\/\/semillascounselingandwellness.com\/es\/wp-json\/wp\/v2\/comments?post=61"}],"version-history":[{"count":17,"href":"https:\/\/semillascounselingandwellness.com\/es\/wp-json\/wp\/v2\/pages\/61\/revisions"}],"predecessor-version":[{"id":2100092,"href":"https:\/\/semillascounselingandwellness.com\/es\/wp-json\/wp\/v2\/pages\/61\/revisions\/2100092"}],"wp:attachment":[{"href":"https:\/\/semillascounselingandwellness.com\/es\/wp-json\/wp\/v2\/media?parent=61"}],"curies":[{"name":"wp","href":"https:\/\/api.w.org\/{rel}","templated":true}]}}