{"id":55,"date":"2021-01-21T20:54:22","date_gmt":"2021-01-21T20:54:22","guid":{"rendered":"https:\/\/semillascounselingandwellness.com\/?page_id=55"},"modified":"2026-03-17T19:31:44","modified_gmt":"2026-03-18T02:31:44","slug":"services-and-offerings","status":"publish","type":"page","link":"https:\/\/semillascounselingandwellness.com\/es\/services-and-offerings\/","title":{"rendered":"Servicios"},"content":{"rendered":"<h1>SERVICES &#038; OFFERINGS<\/h1>\t\n\t\t\t\t\t<ul id=\"menu-mainmenu\"><li id=\"menu-item-42\"><a href=\"https:\/\/semillascounselingandwellness.com\/es\/\">Hogar<\/a><\/li>\n<li id=\"menu-item-60\"><a href=\"https:\/\/semillascounselingandwellness.com\/es\/services-and-offerings\/\">Servicios<\/a>\n<ul>\n\t<li id=\"menu-item-84\"><a href=\"https:\/\/semillascounselingandwellness.com\/es\/services-and-offerings\/\">Servicios<\/a><\/li>\n\t<li id=\"menu-item-65\"><a href=\"https:\/\/semillascounselingandwellness.com\/es\/individual-counseling\/\">Asesoramiento individual<\/a><\/li>\n\t<li id=\"menu-item-70\"><a href=\"https:\/\/semillascounselingandwellness.com\/es\/couple-counseling\/\">Asesoramiento de pareja<\/a><\/li>\n\t<li id=\"menu-item-83\"><a href=\"https:\/\/semillascounselingandwellness.com\/es\/immigration-evaluations\/\">Evaluaciones de inmigraci\u00f3n<\/a><\/li>\n\t<li id=\"menu-item-77\"><a href=\"https:\/\/semillascounselingandwellness.com\/es\/mental-wellness-workshops\/\">Talleres de bienestar mental<\/a><\/li>\n<\/ul>\n<\/li>\n<li id=\"menu-item-594\"><a href=\"#\">Nuestro equipo y carreras<\/a>\n<ul>\n\t<li id=\"menu-item-595\"><a href=\"\/es\/the-team\/#our-team\">Nuestro equipo<\/a><\/li>\n\t<li id=\"menu-item-596\"><a href=\"\/es\/openings\/\">Carreras<\/a><\/li>\n<\/ul>\n<\/li>\n<li id=\"menu-item-172\"><a href=\"https:\/\/semillascounselingandwellness.com\/es\/faq\/\">Preguntas frecuentes<\/a><\/li>\n<li id=\"menu-item-176\"><a href=\"https:\/\/semillascounselingandwellness.com\/es\/free-consult\/\">Consulta inicial gratuita de 15 minutos<\/a><\/li>\n<\/ul>\t\n\t\t<p><strong>Semillas Asesor\u00eda y Bienestar, Inc. <\/strong>se esfuerza por crear espacios multifac\u00e9ticos que respalden su curaci\u00f3n y resiliencia individual, intergeneracional y comunitaria al brindar servicios de bienestar mental hol\u00edsticos y culturalmente receptivos.<\/p>\n<p>Nuestras propuestas se establecen con una intenci\u00f3n. Ya sea que desees sumergirte en un taller de un d\u00eda o est\u00e9s listo para involucrarte en un trabajo terap\u00e9utico m\u00e1s profundo, hay una propuesta disponible para ti.<\/p>\n\t\t\t\t<img decoding=\"async\" src=\"https:\/\/semillascounselingandwellness.com\/wp-content\/uploads\/2021\/01\/Services.png\" alt=\"Services\" itemprop=\"image\" height=\"535\" width=\"334\" title=\"Servicios\" onerror=\"this.style.display='none'\" loading=\"lazy\" \/>","protected":false},"excerpt":{"rendered":"<p>SERVICES &#038; OFFERINGS Home Services Services Individual Counseling Couple Counseling Immigration Evaluations Mental Wellness Workshops Our Team &#038; Careers Our Team Careers FAQ Free Initial 15 Minute Consultation Semillas Counseling and Wellness, Inc. strives to create multi-faceted spaces that support your individual, intergenerational, and community healing and resilience by providing culturally responsive and holistic mental&hellip;<\/p>","protected":false},"author":1,"featured_media":0,"parent":0,"menu_order":0,"comment_status":"closed","ping_status":"closed","template":"tpl-no-header-footer.php","meta":{"footnotes":""},"class_list":["post-55","page","type-page","status-publish","hentry"],"_links":{"self":[{"href":"https:\/\/semillascounselingandwellness.com\/es\/wp-json\/wp\/v2\/pages\/55","targetHints":{"allow":["GET"]}}],"collection":[{"href":"https:\/\/semillascounselingandwellness.com\/es\/wp-json\/wp\/v2\/pages"}],"about":[{"href":"https:\/\/semillascounselingandwellness.com\/es\/wp-json\/wp\/v2\/types\/page"}],"author":[{"embeddable":true,"href":"https:\/\/semillascounselingandwellness.com\/es\/wp-json\/wp\/v2\/users\/1"}],"replies":[{"embeddable":true,"href":"https:\/\/semillascounselingandwellness.com\/es\/wp-json\/wp\/v2\/comments?post=55"}],"version-history":[{"count":11,"href":"https:\/\/semillascounselingandwellness.com\/es\/wp-json\/wp\/v2\/pages\/55\/revisions"}],"predecessor-version":[{"id":2100091,"href":"https:\/\/semillascounselingandwellness.com\/es\/wp-json\/wp\/v2\/pages\/55\/revisions\/2100091"}],"wp:attachment":[{"href":"https:\/\/semillascounselingandwellness.com\/es\/wp-json\/wp\/v2\/media?parent=55"}],"curies":[{"name":"wp","href":"https:\/\/api.w.org\/{rel}","templated":true}]}}