{"id":264,"date":"2024-06-12T20:18:06","date_gmt":"2024-06-13T03:18:06","guid":{"rendered":"https:\/\/semillascounselingandwellness.com\/?page_id=264"},"modified":"2024-06-12T20:23:40","modified_gmt":"2024-06-13T03:23:40","slug":"gabrielas-profile","status":"publish","type":"page","link":"https:\/\/semillascounselingandwellness.com\/es\/the-team\/gabrielas-profile\/","title":{"rendered":"Gabrielas profile"},"content":{"rendered":"<h1>EL EQUIPO<\/h1>\t\n\t\t\t\t\t<ul id=\"menu-mainmenu\"><li id=\"menu-item-42\"><a href=\"https:\/\/semillascounselingandwellness.com\/es\/\">Hogar<\/a><\/li>\n<li id=\"menu-item-60\"><a href=\"https:\/\/semillascounselingandwellness.com\/es\/services-and-offerings\/\">Servicios<\/a>\n<ul>\n\t<li id=\"menu-item-84\"><a href=\"https:\/\/semillascounselingandwellness.com\/es\/services-and-offerings\/\">Servicios<\/a><\/li>\n\t<li id=\"menu-item-65\"><a href=\"https:\/\/semillascounselingandwellness.com\/es\/individual-counseling\/\">Asesoramiento individual<\/a><\/li>\n\t<li id=\"menu-item-70\"><a href=\"https:\/\/semillascounselingandwellness.com\/es\/couple-counseling\/\">Asesoramiento de pareja<\/a><\/li>\n\t<li id=\"menu-item-83\"><a href=\"https:\/\/semillascounselingandwellness.com\/es\/immigration-evaluations\/\">Evaluaciones de inmigraci\u00f3n<\/a><\/li>\n\t<li id=\"menu-item-77\"><a href=\"https:\/\/semillascounselingandwellness.com\/es\/mental-wellness-workshops\/\">Talleres de bienestar mental<\/a><\/li>\n<\/ul>\n<\/li>\n<li id=\"menu-item-172\"><a href=\"https:\/\/semillascounselingandwellness.com\/es\/faq\/\">Preguntas frecuentes<\/a><\/li>\n<li id=\"menu-item-224\"><a href=\"https:\/\/semillascounselingandwellness.com\/es\/the-team\/\">El equipo<\/a><\/li>\n<li id=\"menu-item-176\"><a href=\"https:\/\/semillascounselingandwellness.com\/es\/free-consult\/\">Consulta inicial gratuita de 15 minutos<\/a><\/li>\n<\/ul>\t\n\t\t\t\t<img loading=\"lazy\" decoding=\"async\" src=\"https:\/\/semillascounselingandwellness.com\/wp-content\/uploads\/2024\/06\/Gabriela-Valencia.jpg\" alt=\"Gabriela Valencia\" itemprop=\"image\" height=\"480\" width=\"479\" title=\"Gabriela Valencia\" onerror=\"this.style.display='none'\"  \/>\n\t<h3>Gabriela Valencia, LCSW #118295<\/h3>\n\t<p>Gabriela Valencia (ella\/su\/suya) es una trabajadora social cl\u00ednica licenciada, biling\u00fce y de habla hispana. Su \u00e1rea de enfoque es trabajar con ni\u00f1os y adolescentes que luchan con ansiedad, depresi\u00f3n, problemas LGBTQ y culturales\/generacionales. Le apasiona brindar un espacio seguro para que los clientes desarrollen habilidades de afrontamiento positivas, fortalezcan las relaciones y mejoren las habilidades de autodefensa. Gabriela utiliza la terapia cognitivo conductual (TCC), la terapia conductual dial\u00e9ctica (TDC) y pr\u00e1cticas informadas sobre el trauma para ayudar a los clientes a lograr sus objetivos. Ella espera colaborar con usted y seguir sirviendo a la comunidad.<\/p>","protected":false},"excerpt":{"rendered":"<p>THE TEAM Home Services Services Individual Counseling Couple Counseling Immigration Evaluations Mental Wellness Workshops FAQ The Team Free Initial 15 Minute Consultation Gabriela Valencia, LCSW #118295 Gabriela Valencia (she\/her\/hers) is a bilingual Spanish-speaking, Licensed Clinical Social Worker.\u00a0\u00a0Her area of focus is working with children and adolescents struggling with anxiety, depression, LGBTQ and cultural\/generational issues. She&hellip;<\/p>","protected":false},"author":1,"featured_media":0,"parent":202,"menu_order":0,"comment_status":"closed","ping_status":"closed","template":"tpl-no-header-footer.php","meta":{"footnotes":""},"class_list":["post-264","page","type-page","status-publish","hentry"],"_links":{"self":[{"href":"https:\/\/semillascounselingandwellness.com\/es\/wp-json\/wp\/v2\/pages\/264","targetHints":{"allow":["GET"]}}],"collection":[{"href":"https:\/\/semillascounselingandwellness.com\/es\/wp-json\/wp\/v2\/pages"}],"about":[{"href":"https:\/\/semillascounselingandwellness.com\/es\/wp-json\/wp\/v2\/types\/page"}],"author":[{"embeddable":true,"href":"https:\/\/semillascounselingandwellness.com\/es\/wp-json\/wp\/v2\/users\/1"}],"replies":[{"embeddable":true,"href":"https:\/\/semillascounselingandwellness.com\/es\/wp-json\/wp\/v2\/comments?post=264"}],"version-history":[{"count":4,"href":"https:\/\/semillascounselingandwellness.com\/es\/wp-json\/wp\/v2\/pages\/264\/revisions"}],"predecessor-version":[{"id":270,"href":"https:\/\/semillascounselingandwellness.com\/es\/wp-json\/wp\/v2\/pages\/264\/revisions\/270"}],"up":[{"embeddable":true,"href":"https:\/\/semillascounselingandwellness.com\/es\/wp-json\/wp\/v2\/pages\/202"}],"wp:attachment":[{"href":"https:\/\/semillascounselingandwellness.com\/es\/wp-json\/wp\/v2\/media?parent=264"}],"curies":[{"name":"wp","href":"https:\/\/api.w.org\/{rel}","templated":true}]}}