{"id":210,"date":"2022-02-01T22:20:17","date_gmt":"2022-02-01T22:20:17","guid":{"rendered":"https:\/\/semillascounselingandwellness.com\/?page_id=210"},"modified":"2022-02-01T23:13:55","modified_gmt":"2022-02-01T23:13:55","slug":"pati-profile","status":"publish","type":"page","link":"https:\/\/semillascounselingandwellness.com\/es\/the-team\/pati-profile\/","title":{"rendered":"Pati Profile"},"content":{"rendered":"<h1>EL EQUIPO<\/h1>\t\t\n\t\t\t\t\t<ul id=\"menu-mainmenu\"><li id=\"menu-item-42\"><a href=\"https:\/\/semillascounselingandwellness.com\/es\/\">Hogar<\/a><\/li>\n<li id=\"menu-item-60\"><a href=\"https:\/\/semillascounselingandwellness.com\/es\/services-and-offerings\/\">Servicios<\/a>\n<ul>\n\t<li id=\"menu-item-84\"><a href=\"https:\/\/semillascounselingandwellness.com\/es\/services-and-offerings\/\">Servicios<\/a><\/li>\n\t<li id=\"menu-item-65\"><a href=\"https:\/\/semillascounselingandwellness.com\/es\/individual-counseling\/\">Asesoramiento individual<\/a><\/li>\n\t<li id=\"menu-item-70\"><a href=\"https:\/\/semillascounselingandwellness.com\/es\/couple-counseling\/\">Asesoramiento de pareja<\/a><\/li>\n\t<li id=\"menu-item-83\"><a href=\"https:\/\/semillascounselingandwellness.com\/es\/immigration-evaluations\/\">Evaluaciones de inmigraci\u00f3n<\/a><\/li>\n\t<li id=\"menu-item-77\"><a href=\"https:\/\/semillascounselingandwellness.com\/es\/mental-wellness-workshops\/\">Talleres de bienestar mental<\/a><\/li>\n<\/ul>\n<\/li>\n<li id=\"menu-item-172\"><a href=\"https:\/\/semillascounselingandwellness.com\/es\/faq\/\">Preguntas frecuentes<\/a><\/li>\n<li id=\"menu-item-224\"><a href=\"https:\/\/semillascounselingandwellness.com\/es\/the-team\/\">El equipo<\/a><\/li>\n<li id=\"menu-item-163\"><a href=\"https:\/\/patriciawashingtoncoachandconsulting.com\/\">Coaching and Consulting<\/a><\/li>\n<li id=\"menu-item-176\"><a href=\"https:\/\/semillascounselingandwellness.com\/es\/free-consult\/\">Consulta inicial gratuita de 15 minutos<\/a><\/li>\n<\/ul>\t\n\t\t\t\t<img loading=\"lazy\" decoding=\"async\" src=\"https:\/\/semillascounselingandwellness.com\/wp-content\/uploads\/2022\/02\/Pati-Profile-Photo.jpg\" alt=\"Pati Profile Photo\" itemprop=\"image\" height=\"563\" width=\"563\" title=\"Foto de perfil de Pati\" onerror=\"this.style.display='none'\"  \/>\n\t<h3>Patricia Cortez Washington, LCSW #82509<\/h3>\n\t<p>Como profesional, s\u00e9 que la sanaci\u00f3n tiene m\u00faltiples facetas. Mi enfoque en la salud mental integra m\u00faltiples facetas del bienestar, incorporando terapia pl\u00e1tica, trabajo de respiraci\u00f3n, meditaci\u00f3n, herramientas culturales y la naturaleza, como una forma de reconectarnos con nosotros mismos. Adem\u00e1s, me especializo en realizar evaluaciones psicol\u00f3gicas para tr\u00e1mites de inmigraci\u00f3n.<\/p>\n<p>Creo firmemente que en estos tiempos, nuestra acci\u00f3n m\u00e1s revolucionaria es sanar; cambiar las narrativas y patrones familiares que ya no nos sirven es una labor valiente; honrar las tradiciones que nos sustentan es amor radical. Cont\u00e1ctame para una consulta telef\u00f3nica gratuita.<\/p>","protected":false},"excerpt":{"rendered":"<p>THE TEAM Home Services Services Individual Counseling Couple Counseling Immigration Evaluations Mental Wellness Workshops FAQ The Team Coaching and Consulting Free Initial 15 Minute Consultation Patricia Cortez Washington, LCSW #82509 As a practitioner, I know healing has many layers. My approach to mental health integrates multiple facets of wellness; by incorporating &#8220;pl\u00e1tica&#8221; therapy, breath work,&hellip;<\/p>","protected":false},"author":1,"featured_media":0,"parent":202,"menu_order":0,"comment_status":"closed","ping_status":"closed","template":"tpl-no-header-footer.php","meta":{"footnotes":""},"class_list":["post-210","page","type-page","status-publish","hentry"],"_links":{"self":[{"href":"https:\/\/semillascounselingandwellness.com\/es\/wp-json\/wp\/v2\/pages\/210","targetHints":{"allow":["GET"]}}],"collection":[{"href":"https:\/\/semillascounselingandwellness.com\/es\/wp-json\/wp\/v2\/pages"}],"about":[{"href":"https:\/\/semillascounselingandwellness.com\/es\/wp-json\/wp\/v2\/types\/page"}],"author":[{"embeddable":true,"href":"https:\/\/semillascounselingandwellness.com\/es\/wp-json\/wp\/v2\/users\/1"}],"replies":[{"embeddable":true,"href":"https:\/\/semillascounselingandwellness.com\/es\/wp-json\/wp\/v2\/comments?post=210"}],"version-history":[{"count":4,"href":"https:\/\/semillascounselingandwellness.com\/es\/wp-json\/wp\/v2\/pages\/210\/revisions"}],"predecessor-version":[{"id":225,"href":"https:\/\/semillascounselingandwellness.com\/es\/wp-json\/wp\/v2\/pages\/210\/revisions\/225"}],"up":[{"embeddable":true,"href":"https:\/\/semillascounselingandwellness.com\/es\/wp-json\/wp\/v2\/pages\/202"}],"wp:attachment":[{"href":"https:\/\/semillascounselingandwellness.com\/es\/wp-json\/wp\/v2\/media?parent=210"}],"curies":[{"name":"wp","href":"https:\/\/api.w.org\/{rel}","templated":true}]}}