{"id":2,"date":"2021-01-21T16:47:30","date_gmt":"2021-01-21T16:47:30","guid":{"rendered":"https:\/\/semillascounselingandwellness.com\/?page_id=2"},"modified":"2026-03-17T19:28:51","modified_gmt":"2026-03-18T02:28:51","slug":"home","status":"publish","type":"page","link":"https:\/\/semillascounselingandwellness.com\/es\/","title":{"rendered":"Hogar"},"content":{"rendered":"<section>\n    <h1>Bienvenidos a Semillas Consejeria y Bienestar<\/h1>\n    <p>Tu camino hacia la sanaci\u00f3n y el crecimiento comienza aqu\u00ed. Estamos aqu\u00ed para apoyarte en cada paso del camino.<\/p>\n    <a\n       href=\"https:\/\/semillascounselingandwellness.com\/es\/free-consult\/\">\n       Reserve una consulta gratuita de 15 minutos\n    <\/a>\n<\/section>\n\t\t\t\t\t<ul id=\"menu-mainmenu\"><li id=\"menu-item-42\"><a href=\"https:\/\/semillascounselingandwellness.com\/es\/\">Hogar<\/a><\/li>\n<li id=\"menu-item-60\"><a href=\"https:\/\/semillascounselingandwellness.com\/es\/services-and-offerings\/\">Servicios<\/a>\n<ul>\n\t<li id=\"menu-item-84\"><a href=\"https:\/\/semillascounselingandwellness.com\/es\/services-and-offerings\/\">Servicios<\/a><\/li>\n\t<li id=\"menu-item-65\"><a href=\"https:\/\/semillascounselingandwellness.com\/es\/individual-counseling\/\">Asesoramiento individual<\/a><\/li>\n\t<li id=\"menu-item-70\"><a href=\"https:\/\/semillascounselingandwellness.com\/es\/couple-counseling\/\">Asesoramiento de pareja<\/a><\/li>\n\t<li id=\"menu-item-83\"><a href=\"https:\/\/semillascounselingandwellness.com\/es\/immigration-evaluations\/\">Evaluaciones de inmigraci\u00f3n<\/a><\/li>\n\t<li id=\"menu-item-77\"><a href=\"https:\/\/semillascounselingandwellness.com\/es\/mental-wellness-workshops\/\">Talleres de bienestar mental<\/a><\/li>\n<\/ul>\n<\/li>\n<li id=\"menu-item-594\"><a href=\"#\">Nuestro equipo y carreras<\/a>\n<ul>\n\t<li id=\"menu-item-595\"><a href=\"\/es\/the-team\/#our-team\">Nuestro equipo<\/a><\/li>\n\t<li id=\"menu-item-596\"><a href=\"\/es\/openings\/\">Carreras<\/a><\/li>\n<\/ul>\n<\/li>\n<li id=\"menu-item-172\"><a href=\"https:\/\/semillascounselingandwellness.com\/es\/faq\/\">Preguntas frecuentes<\/a><\/li>\n<li id=\"menu-item-176\"><a href=\"https:\/\/semillascounselingandwellness.com\/es\/free-consult\/\">Consulta inicial gratuita de 15 minutos<\/a><\/li>\n<\/ul>\t\n\t\t\t<a href=\"https:\/\/semillascounselingandwellness.com\/es\/events-live\/\" target=\"_self\">\n\t\t\t\t\t\t\tReg\u00edstrate para nuestros pr\u00f3ximos eventos\n\t\t\t\t\t<\/a>\n\t\t<p>\u00bfEst\u00e1s experimentando un cambio de vida? Incluso cambios aparentemente positivos pueden generar sentimientos abrumadores de tristeza, dolor, preocupaci\u00f3n y ansiedad. Quiz\u00e1s est\u00e9s descubriendo patrones familiares que ya no te sirven. El crecimiento es complicado y puede resultar abrumador. Como psicoterapeuta integrativa latina biling\u00fce, me especializo en ayudar a inmigrantes de primera y segunda generaci\u00f3n, hispanohablantes y personas de color a superar el impacto emocional de ser el primero, de romper ciclos; apoy\u00e1ndome en la cultura como medio para cultivar tu resiliencia y reconectar con la sabidur\u00eda ancestral que te apoya en tu proceso de sanaci\u00f3n y crecimiento.<\/p>\n<p>Como profesional, s\u00e9 que la sanaci\u00f3n tiene m\u00faltiples facetas. Mi enfoque en la salud mental integra m\u00faltiples facetas del bienestar, incorporando terapia pl\u00e1tica, trabajo de respiraci\u00f3n, meditaci\u00f3n, herramientas culturales y la naturaleza, como una forma de reconectarnos con nosotros mismos. Adem\u00e1s, me especializo en realizar evaluaciones psicol\u00f3gicas para tr\u00e1mites de inmigraci\u00f3n.<\/p>\n<p>Creo firmemente que en estos tiempos, nuestra acci\u00f3n m\u00e1s revolucionaria es sanar; cambiar las narrativas y patrones familiares que ya no nos sirven es una labor valiente; honrar las tradiciones que nos sustentan es amor radical. Cont\u00e1ctame para una consulta telef\u00f3nica gratuita.<\/p>\n\t\t<p><strong><a href=\"tel:18053852344\" target=\"_blank\" rel=\"noopener\">1-(805) 385-2344<\/a><\/strong> \u2013 <strong><a href=\"https:\/\/maps.app.goo.gl\/47ELKFjAeJvWrjPE9\">2021 Sperry Ave. Suite 43, Ventura CA 93003<\/a><\/strong><\/p>\n\t\t\t\t<img decoding=\"async\" src=\"https:\/\/semillascounselingandwellness.com\/wp-content\/uploads\/2021\/01\/portrait.jpg\" alt=\"portrait\" itemprop=\"image\" height=\"733\" width=\"563\" title=\"retrato\" onerror=\"this.style.display='none'\" loading=\"lazy\" \/>\n\t\t<strong>Patricia Cortez Washington, LCSW<\/strong><br \/>\nPsicoterapeuta Integrativa y<br \/>\nCreador de Semillas Counseling &amp; Wellness, Inc.\n    <a href=\"https:\/\/www.instagram.com\/semillas_counseling_wellness\/?igsh=MzRlODBiNWFlZA%3D%3D\">Vis\u00edtanos en Instagram<\/a>","protected":false},"excerpt":{"rendered":"<p>Bienvenido a Semillas Counseling and Wellness. Tu camino hacia la sanaci\u00f3n y el crecimiento comienza aqu\u00ed. Estamos aqu\u00ed para apoyarte en cada paso. Reserva una consulta gratuita de 15 minutos. Inicio Servicios Servicios Consejer\u00eda individual Consejer\u00eda de pareja Evaluaciones de inmigraci\u00f3n Talleres de bienestar mental Nuestro equipo y carreras Nuestro equipo Carreras Preguntas frecuentes Consulta inicial gratuita de 15 minutos Inscr\u00edbete para\u2026<\/p>","protected":false},"author":1,"featured_media":0,"parent":0,"menu_order":0,"comment_status":"closed","ping_status":"closed","template":"tpl-no-header-footer.php","meta":{"footnotes":""},"class_list":["post-2","page","type-page","status-publish","hentry"],"_links":{"self":[{"href":"https:\/\/semillascounselingandwellness.com\/es\/wp-json\/wp\/v2\/pages\/2","targetHints":{"allow":["GET"]}}],"collection":[{"href":"https:\/\/semillascounselingandwellness.com\/es\/wp-json\/wp\/v2\/pages"}],"about":[{"href":"https:\/\/semillascounselingandwellness.com\/es\/wp-json\/wp\/v2\/types\/page"}],"author":[{"embeddable":true,"href":"https:\/\/semillascounselingandwellness.com\/es\/wp-json\/wp\/v2\/users\/1"}],"replies":[{"embeddable":true,"href":"https:\/\/semillascounselingandwellness.com\/es\/wp-json\/wp\/v2\/comments?post=2"}],"version-history":[{"count":52,"href":"https:\/\/semillascounselingandwellness.com\/es\/wp-json\/wp\/v2\/pages\/2\/revisions"}],"predecessor-version":[{"id":2100038,"href":"https:\/\/semillascounselingandwellness.com\/es\/wp-json\/wp\/v2\/pages\/2\/revisions\/2100038"}],"wp:attachment":[{"href":"https:\/\/semillascounselingandwellness.com\/es\/wp-json\/wp\/v2\/media?parent=2"}],"curies":[{"name":"wp","href":"https:\/\/api.w.org\/{rel}","templated":true}]}}