{"id":168,"date":"2021-05-13T17:10:31","date_gmt":"2021-05-13T17:10:31","guid":{"rendered":"https:\/\/semillascounselingandwellness.com\/?page_id=168"},"modified":"2026-03-17T19:46:46","modified_gmt":"2026-03-18T02:46:46","slug":"faq","status":"publish","type":"page","link":"https:\/\/semillascounselingandwellness.com\/es\/faq\/","title":{"rendered":"Preguntas frecuentes"},"content":{"rendered":"<h1>Preguntas frecuentes<\/h1>\t\n\t\t\t\t\t<ul id=\"menu-mainmenu\"><li id=\"menu-item-42\"><a href=\"https:\/\/semillascounselingandwellness.com\/es\/\">Hogar<\/a><\/li>\n<li id=\"menu-item-60\"><a href=\"https:\/\/semillascounselingandwellness.com\/es\/services-and-offerings\/\">Servicios<\/a>\n<ul>\n\t<li id=\"menu-item-84\"><a href=\"https:\/\/semillascounselingandwellness.com\/es\/services-and-offerings\/\">Servicios<\/a><\/li>\n\t<li id=\"menu-item-65\"><a href=\"https:\/\/semillascounselingandwellness.com\/es\/individual-counseling\/\">Asesoramiento individual<\/a><\/li>\n\t<li id=\"menu-item-70\"><a href=\"https:\/\/semillascounselingandwellness.com\/es\/couple-counseling\/\">Asesoramiento de pareja<\/a><\/li>\n\t<li id=\"menu-item-83\"><a href=\"https:\/\/semillascounselingandwellness.com\/es\/immigration-evaluations\/\">Evaluaciones de inmigraci\u00f3n<\/a><\/li>\n\t<li id=\"menu-item-77\"><a href=\"https:\/\/semillascounselingandwellness.com\/es\/mental-wellness-workshops\/\">Talleres de bienestar mental<\/a><\/li>\n<\/ul>\n<\/li>\n<li id=\"menu-item-594\"><a href=\"#\">Nuestro equipo y carreras<\/a>\n<ul>\n\t<li id=\"menu-item-595\"><a href=\"\/es\/the-team\/#our-team\">Nuestro equipo<\/a><\/li>\n\t<li id=\"menu-item-596\"><a href=\"\/es\/openings\/\">Carreras<\/a><\/li>\n<\/ul>\n<\/li>\n<li id=\"menu-item-172\"><a href=\"https:\/\/semillascounselingandwellness.com\/es\/faq\/\">Preguntas frecuentes<\/a><\/li>\n<li id=\"menu-item-176\"><a href=\"https:\/\/semillascounselingandwellness.com\/es\/free-consult\/\">Consulta inicial gratuita de 15 minutos<\/a><\/li>\n<\/ul>\t\n\t\t\t\t<img decoding=\"async\" src=\"https:\/\/semillascounselingandwellness.com\/wp-content\/uploads\/2021\/05\/people-3217855_640_thin.jpg\" alt=\"people-3217855_640_thin\" itemprop=\"image\" height=\"288\" width=\"634\" title=\"gente-3217855_640_delgada\" onerror=\"this.style.display='none'\" loading=\"lazy\" \/>\n\t\t<strong>1. \u00bfD\u00f3nde est\u00e1s ubicado?<\/strong><br \/>\nEstamos ubicados en Ventura, California. Nuestra direcci\u00f3n es <a href=\"https:\/\/maps.app.goo.gl\/47ELKFjAeJvWrjPE9\">2021 Sperry Ave. Suite 43, Ventura CA 93003<\/a>.\n<strong>2. \u00bfEn qu\u00e9 idioma\/s ofrece servicios?<\/strong><br \/>\nSabemos lo importante que es compartir tu experiencia en el idioma que te resulte m\u00e1s c\u00f3modo. Hablamos ingl\u00e9s, espa\u00f1ol y spanglish.\n<strong>3. \u00bfQu\u00e9 servicios prestan?<\/strong><br \/>\nOfrecemos terapia para individuos y parejas, evaluaciones psicol\u00f3gicas para casos de inmigraci\u00f3n, talleres de bienestar y programas grupales. Visite nuestro sitio web para obtener detalles sobre nuestras ofertas, pr\u00f3ximos talleres y programas grupales.\n<strong>4. \u00bfC\u00f3mo es la terapia?<\/strong><br \/>\n\u00a1El trabajo de sanaci\u00f3n es tan \u00fanico como t\u00fa! Nuestro enfoque terap\u00e9utico personalizado incorpora terapia pl\u00e1tica, herramientas de meditaci\u00f3n y atenci\u00f3n plena, trabajo de respiraci\u00f3n, pr\u00e1cticas de sanaci\u00f3n ancestral, narraci\u00f3n de historias y m\u00e1s. Juntos, aclaramos tus objetivos, creamos un espacio para la reflexi\u00f3n y brindamos un espacio de apoyo para realizar el trabajo de aprendizaje y desaprendizaje; evolucionando hacia quien est\u00e1s llamado a ser.\n<strong>5. \u00bfEs la telesalud una opci\u00f3n?<\/strong><br \/>\n\u00a1S\u00ed! Ofrecemos servicios de telesalud. Para acceder a los servicios de telesalud, necesitar\u00e1 acceso a Internet y un tel\u00e9fono inteligente o computadora con parlantes y micr\u00f3fono. Tambi\u00e9n necesitar\u00e1 un espacio en el que se sienta c\u00f3modo, libre de distracciones; teniendo en cuenta sus preocupaciones sobre la privacidad.\n<strong>6. \u00bfAcepta usted seguro?<\/strong><br \/>\nActualmente no aceptamos seguros. Para algunas personas, pagar a trav\u00e9s de una cuenta de gastos flexible (FSA) del empleador puede ser una opci\u00f3n. Eche un vistazo a los beneficios de su empleador para asegurarse de que esta sea una opci\u00f3n para usted.\n<strong>7. \u00bfPuedo hacer preguntas antes de concertar una cita?<\/strong><br \/>\n\u00a1S\u00ed! Encontrar un terapeuta adecuado es muy importante. Ofrecemos una consulta gratuita de 15 minutos para responder a sus preguntas y ayudarlo a determinar si trabajar con Semillas es lo adecuado para usted.\n<strong>8. \u00bfC\u00f3mo puedo ponerme en contacto con usted?<\/strong><br \/>\nCont\u00e1ctenos a trav\u00e9s de nuestro sitio web en semillascounselingandwellness.com para programar una consulta gratuita de 15 minutos o registrarse en nuestros talleres y programas.","protected":false},"excerpt":{"rendered":"<p>Frequently Asked Questions Home Services Services Individual Counseling Couple Counseling Immigration Evaluations Mental Wellness Workshops Our Team &#038; Careers Our Team Careers FAQ Free Initial 15 Minute Consultation 1. Where are you located? We are located in Ventura, California. Our address is 2021 Sperry Ave. Suite 43, Ventura CA 93003. 2. What language\/s do you&hellip;<\/p>","protected":false},"author":1,"featured_media":0,"parent":0,"menu_order":0,"comment_status":"closed","ping_status":"closed","template":"tpl-no-header-footer.php","meta":{"footnotes":""},"class_list":["post-168","page","type-page","status-publish","hentry"],"_links":{"self":[{"href":"https:\/\/semillascounselingandwellness.com\/es\/wp-json\/wp\/v2\/pages\/168","targetHints":{"allow":["GET"]}}],"collection":[{"href":"https:\/\/semillascounselingandwellness.com\/es\/wp-json\/wp\/v2\/pages"}],"about":[{"href":"https:\/\/semillascounselingandwellness.com\/es\/wp-json\/wp\/v2\/types\/page"}],"author":[{"embeddable":true,"href":"https:\/\/semillascounselingandwellness.com\/es\/wp-json\/wp\/v2\/users\/1"}],"replies":[{"embeddable":true,"href":"https:\/\/semillascounselingandwellness.com\/es\/wp-json\/wp\/v2\/comments?post=168"}],"version-history":[{"count":13,"href":"https:\/\/semillascounselingandwellness.com\/es\/wp-json\/wp\/v2\/pages\/168\/revisions"}],"predecessor-version":[{"id":2100101,"href":"https:\/\/semillascounselingandwellness.com\/es\/wp-json\/wp\/v2\/pages\/168\/revisions\/2100101"}],"wp:attachment":[{"href":"https:\/\/semillascounselingandwellness.com\/es\/wp-json\/wp\/v2\/media?parent=168"}],"curies":[{"name":"wp","href":"https:\/\/api.w.org\/{rel}","templated":true}]}}